{"id":11412,"date":"2026-01-21T13:19:03","date_gmt":"2026-01-21T12:19:03","guid":{"rendered":"https:\/\/www.sipvm.com\/?page_id=11412"},"modified":"2026-04-04T11:17:13","modified_gmt":"2026-04-04T09:17:13","slug":"services-ti-geres-et-cybersecurite-pour-pme-a-laval","status":"publish","type":"page","link":"https:\/\/www.sipvm.com\/en\/managed-it-cybersecurity-sme-laval\/","title":{"rendered":"Managed IT Services and Cybersecurity for SMEs in Laval"},"content":{"rendered":"<div data-elementor-type=\"wp-page\" data-elementor-id=\"11412\" class=\"elementor elementor-11412\">\n\t\t\t\t\t\t<section class=\"elementor-section elementor-top-section elementor-element elementor-element-46fb5a78 ot-layout_block elementor-section-boxed elementor-section-height-default elementor-section-height-default\" data-id=\"46fb5a78\" data-element_type=\"section\" data-e-type=\"section\" data-settings=\"{&quot;background_background&quot;:&quot;classic&quot;}\">\n\t\t\t\t\t\t\t<div class=\"elementor-background-overlay\"><\/div>\n\t\t\t\t\t\t\t<div class=\"elementor-container elementor-column-gap-default\">\n\t\t\t\t\t<div class=\"elementor-column elementor-col-100 elementor-top-column elementor-element elementor-element-698979e ot-flex-column-vertical\" data-id=\"698979e\" data-element_type=\"column\" data-e-type=\"column\">\n\t\t\t<div class=\"elementor-widget-wrap elementor-element-populated\">\n\t\t\t\t\t\t<div class=\"elementor-element elementor-element-65a53af6 elementor-widget-mobile__width-initial elementor-widget elementor-widget-heading\" data-id=\"65a53af6\" data-element_type=\"widget\" data-e-type=\"widget\" data-widget_type=\"heading.default\">\n\t\t\t\t<div class=\"elementor-widget-container\">\n\t\t\t\t\t<h1 class=\"elementor-heading-title elementor-size-default\">Managed IT Services and <br> Cybersecurity for<br> SMEs in Laval<\/h1>\t\t\t\t<\/div>\n\t\t\t\t<\/div>\n\t\t\t\t<div class=\"elementor-element elementor-element-3438ce99 elementor-align-left elementor-tablet-align-left elementor-widget elementor-widget-ibutton\" data-id=\"3438ce99\" data-element_type=\"widget\" data-e-type=\"widget\" data-widget_type=\"ibutton.default\">\n\t\t\t\t<div class=\"elementor-widget-container\">\n\t\t\t\t\t\t\t<div class=\"ot-button\">\n\t\t\t<a href=\"https:\/\/5nf723.share-na3.hsforms.com\/280iAZByORoq2T47t_jy36g\" class=\"octf-btn octf-btn-primary\">Request an IT and Cybersecurity Assessment<\/a>\n\t    <\/div>\n\t    \t\t\t\t<\/div>\n\t\t\t\t<\/div>\n\t\t\t\t\t<\/div>\n\t\t<\/div>\n\t\t\t\t\t<\/div>\n\t\t<\/section>\n\t\t\t\t<section class=\"elementor-section elementor-top-section elementor-element elementor-element-561bafc elementor-section-content-middle elementor-reverse-tablet elementor-reverse-mobile ot-traditional elementor-section-boxed elementor-section-height-default elementor-section-height-default\" data-id=\"561bafc\" data-element_type=\"section\" data-e-type=\"section\">\n\t\t\t\t\t\t\t<div class=\"elementor-background-overlay\"><\/div>\n\t\t\t\t\t\t\t<div class=\"elementor-container elementor-column-gap-extended\">\n\t\t\t\t\t<div class=\"elementor-column elementor-col-50 elementor-top-column elementor-element elementor-element-53373270 ot-flex-column-vertical\" data-id=\"53373270\" data-element_type=\"column\" data-e-type=\"column\">\n\t\t\t<div class=\"elementor-widget-wrap elementor-element-populated\">\n\t\t\t\t\t\t<div class=\"elementor-element elementor-element-fd0c21a elementor-widget elementor-widget-image\" data-id=\"fd0c21a\" data-element_type=\"widget\" data-e-type=\"widget\" data-widget_type=\"image.default\">\n\t\t\t\t<div class=\"elementor-widget-container\">\n\t\t\t\t\t\t\t\t\t\t\t\t\t\t\t<img fetchpriority=\"high\" decoding=\"async\" width=\"1024\" height=\"574\" src=\"https:\/\/www.sipvm.com\/wp-content\/uploads\/2026\/04\/managed-it-cybersecurity-sme-laval-2-1024x574-1.webp\" class=\"attachment-large size-large wp-image-12271\" alt=\"Managed IT Services and Cybersecurity for SMEs in Laval\" srcset=\"https:\/\/www.sipvm.com\/wp-content\/uploads\/2026\/04\/managed-it-cybersecurity-sme-laval-2-1024x574-1.webp 1024w, https:\/\/www.sipvm.com\/wp-content\/uploads\/2026\/04\/managed-it-cybersecurity-sme-laval-2-1024x574-1-300x168.webp 300w, https:\/\/www.sipvm.com\/wp-content\/uploads\/2026\/04\/managed-it-cybersecurity-sme-laval-2-1024x574-1-768x431.webp 768w, https:\/\/www.sipvm.com\/wp-content\/uploads\/2026\/04\/managed-it-cybersecurity-sme-laval-2-1024x574-1-18x10.webp 18w, https:\/\/www.sipvm.com\/wp-content\/uploads\/2026\/04\/managed-it-cybersecurity-sme-laval-2-1024x574-1-720x404.webp 720w\" sizes=\"(max-width: 1024px) 100vw, 1024px\" \/>\t\t\t\t\t\t\t\t\t\t\t\t\t\t\t<\/div>\n\t\t\t\t<\/div>\n\t\t\t\t\t<\/div>\n\t\t<\/div>\n\t\t\t\t<div class=\"elementor-column elementor-col-50 elementor-top-column elementor-element elementor-element-fe8e670 ot-flex-column-vertical\" data-id=\"fe8e670\" data-element_type=\"column\" data-e-type=\"column\">\n\t\t\t<div class=\"elementor-widget-wrap elementor-element-populated\">\n\t\t\t\t\t\t<div class=\"elementor-element elementor-element-1e1fc76c elementor-widget elementor-widget-text-editor\" data-id=\"1e1fc76c\" data-element_type=\"widget\" data-e-type=\"widget\" data-widget_type=\"text-editor.default\">\n\t\t\t\t<div class=\"elementor-widget-container\">\n\t\t\t\t\t\t\t\t\tSMEs in Laval operate in a fast-growing business environment where system performance, cybersecurity, and business continuity are essential for sustainable growth. <a href=\"https:\/\/www.sipvm.com\/en\/\"><strong>SIPVM<\/strong><\/a> supports Laval-based organizations with a clear, responsible approach aligned with local business realities.\t\t\t\t\t\t\t\t<\/div>\n\t\t\t\t<\/div>\n\t\t\t\t\t<\/div>\n\t\t<\/div>\n\t\t\t\t\t<\/div>\n\t\t<\/section>\n\t\t\t\t<section class=\"elementor-section elementor-top-section elementor-element elementor-element-00e5401 ot-traditional elementor-section-boxed elementor-section-height-default elementor-section-height-default\" data-id=\"00e5401\" data-element_type=\"section\" data-e-type=\"section\" data-settings=\"{&quot;background_background&quot;:&quot;classic&quot;}\">\n\t\t\t\t\t\t<div class=\"elementor-container elementor-column-gap-default\">\n\t\t\t\t\t<div class=\"elementor-column elementor-col-100 elementor-top-column elementor-element elementor-element-5939891 ot-flex-column-vertical\" data-id=\"5939891\" data-element_type=\"column\" data-e-type=\"column\">\n\t\t\t<div class=\"elementor-widget-wrap elementor-element-populated\">\n\t\t\t\t\t\t<div class=\"elementor-element elementor-element-7751963 elementor-widget elementor-widget-iheading\" data-id=\"7751963\" data-element_type=\"widget\" data-e-type=\"widget\" data-widget_type=\"iheading.default\">\n\t\t\t\t<div class=\"elementor-widget-container\">\n\t\t\t\t\t\t\t<div class=\"ot-heading\">\n\t        <h3 class=\"main-heading\">Our approach<\/h3>\t    <\/div>\n\t    \t\t\t\t<\/div>\n\t\t\t\t<\/div>\n\t\t\t\t<div class=\"elementor-element elementor-element-e5f08a4 elementor-widget elementor-widget-text-editor\" data-id=\"e5f08a4\" data-element_type=\"widget\" data-e-type=\"widget\" data-widget_type=\"text-editor.default\">\n\t\t\t\t<div class=\"elementor-widget-container\">\n\t\t\t\t\t\t\t\t\t<p>Our approach is built on a clear understanding of IT environments, security aligned with real risks and their impact, and continuous operational ownership.<\/p>\t\t\t\t\t\t\t\t<\/div>\n\t\t\t\t<\/div>\n\t\t\t\t<section class=\"elementor-section elementor-inner-section elementor-element elementor-element-97ab005 elementor-section-full_width ot-traditional elementor-section-height-default elementor-section-height-default\" data-id=\"97ab005\" data-element_type=\"section\" data-e-type=\"section\">\n\t\t\t\t\t\t\t<div class=\"elementor-background-overlay\"><\/div>\n\t\t\t\t\t\t\t<div class=\"elementor-container elementor-column-gap-extended\">\n\t\t\t\t\t<div class=\"elementor-column elementor-col-33 elementor-inner-column elementor-element elementor-element-ab613de ot-flex-column-vertical\" data-id=\"ab613de\" data-element_type=\"column\" data-e-type=\"column\" data-settings=\"{&quot;background_background&quot;:&quot;classic&quot;}\">\n\t\t\t<div class=\"elementor-widget-wrap elementor-element-populated\">\n\t\t\t\t\t\t<div class=\"elementor-element elementor-element-3ea66fc elementor-widget elementor-widget-iserv_box_2\" data-id=\"3ea66fc\" data-element_type=\"widget\" data-e-type=\"widget\" data-widget_type=\"iserv_box_2.default\">\n\t\t\t\t<div class=\"elementor-widget-container\">\n\t\t\t\t\t\n\t\t<div class=\"serv-box-2 s2\">\n\t\t\t<span class=\"big-number\">01<\/span>\n\t\t\t<div class=\"icon-main\">\n\t\t        \t\t\t    \t\t        <span class=\"\"><\/span>\t        <\/div>\n\t        <div class=\"content-box\">\n\t            <h5><center>Understand<\/center><\/h5>\n\t\t\t\t<div><center>Clear view of your IT environment and real risks<\/center><\/div>\n\t\t\t\t<a class=\"btn-details\"><\/a>\n\t        <\/div>\n\t    <\/div>\n\n\t    \t\t\t\t<\/div>\n\t\t\t\t<\/div>\n\t\t\t\t\t<\/div>\n\t\t<\/div>\n\t\t\t\t<div class=\"elementor-column elementor-col-33 elementor-inner-column elementor-element elementor-element-04fd3f2\" data-id=\"04fd3f2\" data-element_type=\"column\" data-e-type=\"column\">\n\t\t\t<div class=\"elementor-widget-wrap elementor-element-populated\">\n\t\t\t\t\t\t<div class=\"elementor-element elementor-element-dcfb41e elementor-widget elementor-widget-iserv_box_2\" data-id=\"dcfb41e\" data-element_type=\"widget\" data-e-type=\"widget\" data-widget_type=\"iserv_box_2.default\">\n\t\t\t\t<div class=\"elementor-widget-container\">\n\t\t\t\t\t\n\t\t<div class=\"serv-box-2 s2\">\n\t\t\t<span class=\"big-number\">02<\/span>\n\t\t\t<div class=\"icon-main\">\n\t\t        \t\t\t    \t\t        <span class=\"\"><\/span>\t        <\/div>\n\t        <div class=\"content-box\">\n\t            <h5><center>Secure<\/center><\/h5>\n\t\t\t\t<div><center>Security aligned <br>with impact, not assumptions<\/center><\/div>\n\t\t\t\t<a class=\"btn-details\"><\/a>\n\t        <\/div>\n\t    <\/div>\n\n\t    \t\t\t\t<\/div>\n\t\t\t\t<\/div>\n\t\t\t\t\t<\/div>\n\t\t<\/div>\n\t\t\t\t<div class=\"elementor-column elementor-col-33 elementor-inner-column elementor-element elementor-element-cccda2e ot-flex-column-vertical\" data-id=\"cccda2e\" data-element_type=\"column\" data-e-type=\"column\">\n\t\t\t<div class=\"elementor-widget-wrap elementor-element-populated\">\n\t\t\t\t\t\t<div class=\"elementor-element elementor-element-f25d0c0 elementor-widget elementor-widget-iserv_box_2\" data-id=\"f25d0c0\" data-element_type=\"widget\" data-e-type=\"widget\" data-widget_type=\"iserv_box_2.default\">\n\t\t\t\t<div class=\"elementor-widget-container\">\n\t\t\t\t\t\n\t\t<div class=\"serv-box-2 s2\">\n\t\t\t<span class=\"big-number\">03<\/span>\n\t\t\t<div class=\"icon-main\">\n\t\t        \t\t\t    \t\t        <span class=\"\"><\/span>\t        <\/div>\n\t        <div class=\"content-box\">\n\t            <h5><center>Operate<\/center><\/h5>\n\t\t\t\t<div><center>Continuous <br>operational ownership and support<\/center><\/div>\n\t\t\t\t<a class=\"btn-details\"><\/a>\n\t        <\/div>\n\t    <\/div>\n\n\t    \t\t\t\t<\/div>\n\t\t\t\t<\/div>\n\t\t\t\t\t<\/div>\n\t\t<\/div>\n\t\t\t\t\t<\/div>\n\t\t<\/section>\n\t\t\t\t<div class=\"elementor-element elementor-element-404c581 elementor-widget elementor-widget-text-editor\" data-id=\"404c581\" data-element_type=\"widget\" data-e-type=\"widget\" data-widget_type=\"text-editor.default\">\n\t\t\t\t<div class=\"elementor-widget-container\">\n\t\t\t\t\t\t\t\t\t<p style=\"text-align: center !important;\"><strong>Trust comes from clarity, not promises.<\/strong><\/p>\t\t\t\t\t\t\t\t<\/div>\n\t\t\t\t<\/div>\n\t\t\t\t\t<\/div>\n\t\t<\/div>\n\t\t\t\t\t<\/div>\n\t\t<\/section>\n\t\t\t\t<section class=\"elementor-section elementor-top-section elementor-element elementor-element-5335368 elementor-section-content-middle elementor-reverse-tablet elementor-reverse-mobile ot-traditional elementor-section-boxed elementor-section-height-default elementor-section-height-default\" data-id=\"5335368\" data-element_type=\"section\" data-e-type=\"section\">\n\t\t\t\t\t\t\t<div class=\"elementor-background-overlay\"><\/div>\n\t\t\t\t\t\t\t<div class=\"elementor-container elementor-column-gap-extended\">\n\t\t\t\t\t<div class=\"elementor-column elementor-col-100 elementor-top-column elementor-element elementor-element-95f9516 ot-flex-column-vertical\" data-id=\"95f9516\" data-element_type=\"column\" data-e-type=\"column\" data-settings=\"{&quot;background_background&quot;:&quot;slideshow&quot;,&quot;background_slideshow_gallery&quot;:[],&quot;background_slideshow_loop&quot;:&quot;yes&quot;,&quot;background_slideshow_slide_duration&quot;:5000,&quot;background_slideshow_slide_transition&quot;:&quot;fade&quot;,&quot;background_slideshow_transition_duration&quot;:500}\">\n\t\t\t<div class=\"elementor-widget-wrap elementor-element-populated\">\n\t\t\t\t\t\t<div class=\"elementor-element elementor-element-49aceb3 elementor-widget elementor-widget-iheading\" data-id=\"49aceb3\" data-element_type=\"widget\" data-e-type=\"widget\" data-widget_type=\"iheading.default\">\n\t\t\t\t<div class=\"elementor-widget-container\">\n\t\t\t\t\t\t\t<div class=\"ot-heading\">\n\t        <h2 class=\"main-heading\">Services for Laval SMEs<\/h2>\t    <\/div>\n\t    \t\t\t\t<\/div>\n\t\t\t\t<\/div>\n\t\t\t\t<div class=\"elementor-element elementor-element-c5ed984 elementor-widget__width-auto elementor-icon-list--layout-traditional elementor-list-item-link-full_width elementor-widget elementor-widget-icon-list\" data-id=\"c5ed984\" data-element_type=\"widget\" data-e-type=\"widget\" data-widget_type=\"icon-list.default\">\n\t\t\t\t<div class=\"elementor-widget-container\">\n\t\t\t\t\t\t\t<ul class=\"elementor-icon-list-items\">\n\t\t\t\t\t\t\t<li class=\"elementor-icon-list-item\">\n\t\t\t\t\t\t\t\t\t\t\t<span class=\"elementor-icon-list-icon\">\n\t\t\t\t\t\t\t<i aria-hidden=\"true\" class=\"fas fa-check\"><\/i>\t\t\t\t\t\t<\/span>\n\t\t\t\t\t\t\t\t\t\t<span class=\"elementor-icon-list-text\"><b>Managed IT services  <\/b>proactive management, support, and continuous operations<\/span>\n\t\t\t\t\t\t\t\t\t<\/li>\n\t\t\t\t\t\t\t\t<li class=\"elementor-icon-list-item\">\n\t\t\t\t\t\t\t\t\t\t\t<span class=\"elementor-icon-list-icon\">\n\t\t\t\t\t\t\t<i aria-hidden=\"true\" class=\"fas fa-check\"><\/i>\t\t\t\t\t\t<\/span>\n\t\t\t\t\t\t\t\t\t\t<span class=\"elementor-icon-list-text\"><b>Cybersecurity and governance <\/b>data protection, risk management, and compliance<\/span>\n\t\t\t\t\t\t\t\t\t<\/li>\n\t\t\t\t\t\t\t\t<li class=\"elementor-icon-list-item\">\n\t\t\t\t\t\t\t\t\t\t\t<span class=\"elementor-icon-list-icon\">\n\t\t\t\t\t\t\t<i aria-hidden=\"true\" class=\"fas fa-check\"><\/i>\t\t\t\t\t\t<\/span>\n\t\t\t\t\t\t\t\t\t\t<span class=\"elementor-icon-list-text\"><b>Networks and connectivity<\/b> reliable wired, wireless, and communications infrastructure<\/span>\n\t\t\t\t\t\t\t\t\t<\/li>\n\t\t\t\t\t\t<\/ul>\n\t\t\t\t\t\t<\/div>\n\t\t\t\t<\/div>\n\t\t\t\t<div class=\"elementor-element elementor-element-4bf0de4 elementor-widget elementor-widget-text-editor\" data-id=\"4bf0de4\" data-element_type=\"widget\" data-e-type=\"widget\" data-widget_type=\"text-editor.default\">\n\t\t\t\t<div class=\"elementor-widget-container\">\n\t\t\t\t\t\t\t\t\t<p style=\"text-align: center !important;\"><strong>Each service is adapted to the organization\u2019s operational context and IT maturity.<\/strong><\/p>\t\t\t\t\t\t\t\t<\/div>\n\t\t\t\t<\/div>\n\t\t\t\t\t<\/div>\n\t\t<\/div>\n\t\t\t\t\t<\/div>\n\t\t<\/section>\n\t\t\t\t<section class=\"elementor-section elementor-top-section elementor-element elementor-element-393e4a4 ot-traditional elementor-section-boxed elementor-section-height-default elementor-section-height-default\" data-id=\"393e4a4\" data-element_type=\"section\" data-e-type=\"section\" data-settings=\"{&quot;background_background&quot;:&quot;classic&quot;}\">\n\t\t\t\t\t\t<div class=\"elementor-container elementor-column-gap-default\">\n\t\t\t\t\t<div class=\"elementor-column elementor-col-100 elementor-top-column elementor-element elementor-element-25b3c70 ot-column-items-center ot-flex-column-vertical\" data-id=\"25b3c70\" data-element_type=\"column\" data-e-type=\"column\">\n\t\t\t<div class=\"elementor-widget-wrap elementor-element-populated\">\n\t\t\t\t\t\t<div class=\"elementor-element elementor-element-3a4c269 elementor-widget elementor-widget-iheading\" data-id=\"3a4c269\" data-element_type=\"widget\" data-e-type=\"widget\" data-widget_type=\"iheading.default\">\n\t\t\t\t<div class=\"elementor-widget-container\">\n\t\t\t\t\t\t\t<div class=\"ot-heading\">\n\t        <h2 class=\"main-heading\">Technology Services for SMEs in Laval<\/h2>\t    <\/div>\n\t    \t\t\t\t<\/div>\n\t\t\t\t<\/div>\n\t\t\t\t<div class=\"elementor-element elementor-element-08f57fe elementor-widget elementor-widget-text-editor\" data-id=\"08f57fe\" data-element_type=\"widget\" data-e-type=\"widget\" data-widget_type=\"text-editor.default\">\n\t\t\t\t<div class=\"elementor-widget-container\">\n\t\t\t\t\t\t\t\t\t<p>Organizations in Laval operate in a growing business environment where reliable infrastructure and cybersecurity protection are essential for sustainable growth.<\/p>\t\t\t\t\t\t\t\t<\/div>\n\t\t\t\t<\/div>\n\t\t\t\t<div class=\"elementor-element elementor-element-dde5ec1 elementor-widget elementor-widget-iheading\" data-id=\"dde5ec1\" data-element_type=\"widget\" data-e-type=\"widget\" data-widget_type=\"iheading.default\">\n\t\t\t\t<div class=\"elementor-widget-container\">\n\t\t\t\t\t\t\t<div class=\"ot-heading\">\n\t        <h6 class=\"main-heading\">Why is reliable technology important for Laval businesses?<\/h6>\t    <\/div>\n\t    \t\t\t\t<\/div>\n\t\t\t\t<\/div>\n\t\t\t\t<div class=\"elementor-element elementor-element-c8ff562 elementor-widget elementor-widget-text-editor\" data-id=\"c8ff562\" data-element_type=\"widget\" data-e-type=\"widget\" data-widget_type=\"text-editor.default\">\n\t\t\t\t<div class=\"elementor-widget-container\">\n\t\t\t\t\t\t\t\t\t<p>Stable technology environments allow organizations to maintain productivity and protect critical information.<\/p>\t\t\t\t\t\t\t\t<\/div>\n\t\t\t\t<\/div>\n\t\t\t\t\t<\/div>\n\t\t<\/div>\n\t\t\t\t\t<\/div>\n\t\t<\/section>\n\t\t\t\t<section class=\"elementor-section elementor-top-section elementor-element elementor-element-85cbda7 elementor-section-content-middle ot-traditional elementor-section-boxed elementor-section-height-default elementor-section-height-default\" data-id=\"85cbda7\" data-element_type=\"section\" data-e-type=\"section\" data-settings=\"{&quot;background_background&quot;:&quot;classic&quot;}\">\n\t\t\t\t\t\t\t<div class=\"elementor-background-overlay\"><\/div>\n\t\t\t\t\t\t\t<div class=\"elementor-container elementor-column-gap-extended\">\n\t\t\t\t\t<div class=\"elementor-column elementor-col-100 elementor-top-column elementor-element elementor-element-79a6322 ot-flex-column-vertical\" data-id=\"79a6322\" data-element_type=\"column\" data-e-type=\"column\" data-settings=\"{&quot;background_background&quot;:&quot;classic&quot;}\">\n\t\t\t<div class=\"elementor-widget-wrap elementor-element-populated\">\n\t\t\t\t\t\t<div class=\"elementor-element elementor-element-7d654af e-transform e-transform e-transform e-transform elementor-widget elementor-widget-iheading\" data-id=\"7d654af\" data-element_type=\"widget\" data-e-type=\"widget\" data-settings=\"{&quot;_transform_rotateZ_effect&quot;:{&quot;unit&quot;:&quot;px&quot;,&quot;size&quot;:&quot;&quot;,&quot;sizes&quot;:[]},&quot;_transform_rotateZ_effect_tablet&quot;:{&quot;unit&quot;:&quot;deg&quot;,&quot;size&quot;:&quot;&quot;,&quot;sizes&quot;:[]},&quot;_transform_rotateZ_effect_mobile&quot;:{&quot;unit&quot;:&quot;deg&quot;,&quot;size&quot;:&quot;&quot;,&quot;sizes&quot;:[]},&quot;_transform_translateX_effect&quot;:{&quot;unit&quot;:&quot;px&quot;,&quot;size&quot;:&quot;&quot;,&quot;sizes&quot;:[]},&quot;_transform_translateX_effect_tablet&quot;:{&quot;unit&quot;:&quot;px&quot;,&quot;size&quot;:&quot;&quot;,&quot;sizes&quot;:[]},&quot;_transform_translateX_effect_mobile&quot;:{&quot;unit&quot;:&quot;px&quot;,&quot;size&quot;:&quot;&quot;,&quot;sizes&quot;:[]},&quot;_transform_translateY_effect&quot;:{&quot;unit&quot;:&quot;px&quot;,&quot;size&quot;:&quot;&quot;,&quot;sizes&quot;:[]},&quot;_transform_translateY_effect_tablet&quot;:{&quot;unit&quot;:&quot;px&quot;,&quot;size&quot;:&quot;&quot;,&quot;sizes&quot;:[]},&quot;_transform_translateY_effect_mobile&quot;:{&quot;unit&quot;:&quot;px&quot;,&quot;size&quot;:&quot;&quot;,&quot;sizes&quot;:[]},&quot;_transform_scale_effect&quot;:{&quot;unit&quot;:&quot;px&quot;,&quot;size&quot;:&quot;&quot;,&quot;sizes&quot;:[]},&quot;_transform_scale_effect_tablet&quot;:{&quot;unit&quot;:&quot;px&quot;,&quot;size&quot;:&quot;&quot;,&quot;sizes&quot;:[]},&quot;_transform_scale_effect_mobile&quot;:{&quot;unit&quot;:&quot;px&quot;,&quot;size&quot;:&quot;&quot;,&quot;sizes&quot;:[]},&quot;_transform_skewX_effect&quot;:{&quot;unit&quot;:&quot;px&quot;,&quot;size&quot;:&quot;&quot;,&quot;sizes&quot;:[]},&quot;_transform_skewX_effect_tablet&quot;:{&quot;unit&quot;:&quot;deg&quot;,&quot;size&quot;:&quot;&quot;,&quot;sizes&quot;:[]},&quot;_transform_skewX_effect_mobile&quot;:{&quot;unit&quot;:&quot;deg&quot;,&quot;size&quot;:&quot;&quot;,&quot;sizes&quot;:[]},&quot;_transform_skewY_effect&quot;:{&quot;unit&quot;:&quot;px&quot;,&quot;size&quot;:&quot;&quot;,&quot;sizes&quot;:[]},&quot;_transform_skewY_effect_tablet&quot;:{&quot;unit&quot;:&quot;deg&quot;,&quot;size&quot;:&quot;&quot;,&quot;sizes&quot;:[]},&quot;_transform_skewY_effect_mobile&quot;:{&quot;unit&quot;:&quot;deg&quot;,&quot;size&quot;:&quot;&quot;,&quot;sizes&quot;:[]}}\" data-widget_type=\"iheading.default\">\n\t\t\t\t<div class=\"elementor-widget-container\">\n\t\t\t\t\t\t\t<div class=\"ot-heading\">\n\t        <h2 class=\"main-heading\">IT Infrastructure and Cybersecurity Services for Laval Businesses<\/h2>\t    <\/div>\n\t    \t\t\t\t<\/div>\n\t\t\t\t<\/div>\n\t\t\t\t<div class=\"elementor-element elementor-element-9a7720c elementor-widget elementor-widget-text-editor\" data-id=\"9a7720c\" data-element_type=\"widget\" data-e-type=\"widget\" data-widget_type=\"text-editor.default\">\n\t\t\t\t<div class=\"elementor-widget-container\">\n\t\t\t\t\t\t\t\t\t<p>SIPVM provides managed IT services and cybersecurity support to businesses in Laval.<\/p>\t\t\t\t\t\t\t\t<\/div>\n\t\t\t\t<\/div>\n\t\t\t\t<div class=\"elementor-element elementor-element-73addfa elementor-align-center elementor-tablet-align-left elementor-widget elementor-widget-ibutton\" data-id=\"73addfa\" data-element_type=\"widget\" data-e-type=\"widget\" data-widget_type=\"ibutton.default\">\n\t\t\t\t<div class=\"elementor-widget-container\">\n\t\t\t\t\t\t\t<div class=\"ot-button\">\n\t\t\t<a href=\"https:\/\/5nf723.share-na3.hsforms.com\/280iAZByORoq2T47t_jy36g\" class=\"octf-btn octf-btn-primary\">Request an IT and Cybersecurity Assessment<\/a>\n\t    <\/div>\n\t    \t\t\t\t<\/div>\n\t\t\t\t<\/div>\n\t\t\t\t\t<\/div>\n\t\t<\/div>\n\t\t\t\t\t<\/div>\n\t\t<\/section>\n\t\t\t\t<\/div>","protected":false},"excerpt":{"rendered":"<p>Services TI g\u00e9r\u00e9s et cybers\u00e9curit\u00e9 pour PME \u00e0 Laval Demander une \u00e9valuation TI et cybers\u00e9curit\u00e9 Les PME de Laval \u00e9voluent dans un environnement d\u2019affaires dynamique o\u00f9 la performance des syst\u00e8mes, la cybers\u00e9curit\u00e9 et la continuit\u00e9 des op\u00e9rations sont essentielles \u00e0 la croissance. SIPVM accompagne les entreprises lavalloises avec une approche claire, responsable et adapt\u00e9e aux [&hellip;]<\/p>\n","protected":false},"author":3,"featured_media":0,"parent":0,"menu_order":0,"comment_status":"closed","ping_status":"closed","template":"","meta":{"content-type":"","footnotes":""},"class_list":["post-11412","page","type-page","status-publish","hentry"],"_links":{"self":[{"href":"https:\/\/www.sipvm.com\/en\/wp-json\/wp\/v2\/pages\/11412","targetHints":{"allow":["GET"]}}],"collection":[{"href":"https:\/\/www.sipvm.com\/en\/wp-json\/wp\/v2\/pages"}],"about":[{"href":"https:\/\/www.sipvm.com\/en\/wp-json\/wp\/v2\/types\/page"}],"author":[{"embeddable":true,"href":"https:\/\/www.sipvm.com\/en\/wp-json\/wp\/v2\/users\/3"}],"replies":[{"embeddable":true,"href":"https:\/\/www.sipvm.com\/en\/wp-json\/wp\/v2\/comments?post=11412"}],"version-history":[{"count":49,"href":"https:\/\/www.sipvm.com\/en\/wp-json\/wp\/v2\/pages\/11412\/revisions"}],"predecessor-version":[{"id":12287,"href":"https:\/\/www.sipvm.com\/en\/wp-json\/wp\/v2\/pages\/11412\/revisions\/12287"}],"wp:attachment":[{"href":"https:\/\/www.sipvm.com\/en\/wp-json\/wp\/v2\/media?parent=11412"}],"curies":[{"name":"wp","href":"https:\/\/api.w.org\/{rel}","templated":true}]}}